{"id":2,"date":"2017-08-20T18:24:33","date_gmt":"2017-08-20T18:24:33","guid":{"rendered":"http:\/\/www.spawstal.com.pl\/?page_id=2"},"modified":"2017-08-23T10:46:50","modified_gmt":"2017-08-23T10:46:50","slug":"about","status":"publish","type":"page","link":"https:\/\/www.spawstal.com.pl\/","title":{"rendered":"O nas"},"content":{"rendered":"<div>Firma Spawstal powsta\u0142a z my\u015bl\u0105 o kompleksowej obs\u0142udze ma\u0142ych i du\u017cych firm\u00a0zajmuj\u0105cych si\u0119\u00a0produkcj\u0105 konstrukcji\u00a0stalowych.<\/div>\n<p><strong><br \/>\n<\/strong><\/p>\n<div>\nOferujemy:<\/div>\n<p>&nbsp;<\/p>\n<ul>\n<li>doradztwo w zakresie doboru sprz\u0119tu spawalniczego<\/li>\n<li>tworzenie maszyn spawalniczych pod jednostkowe\u00a0zam\u00f3wienie<\/li>\n<li>wyposa\u017cenie obiekt\u00f3w, hal w systemy wentylacyjne<\/li>\n<li>sprzeda\u017c cz\u0119\u015bci zamiennych do urz\u0105dze\u0144 plazmowych i gazowych wiod\u0105cych producent\u00f3w<\/li>\n<li>zaopatrzenie w akcesoria spawalnicze i \u015bcierne<\/li>\n<li>pomoc w uzyskaniu korzystnego leasingu bankowego\u00a0na zakupione urz\u0105dzenia<\/li>\n<li>szkolenia dla spawaczy<\/li>\n<li>serwis urz\u0105dze\u0144 spawalniczych oraz elektronarz\u0119dzi<\/li>\n<\/ul>\n","protected":false},"excerpt":{"rendered":"<p>Firma Spawstal powsta\u0142a z my\u015bl\u0105 o kompleksowej obs\u0142udze ma\u0142ych i du\u017cych firm\u00a0zajmuj\u0105cych si\u0119\u00a0produkcj\u0105 konstrukcji\u00a0stalowych. Oferujemy: &nbsp; doradztwo w zakresie doboru sprz\u0119tu spawalniczego tworzenie maszyn spawalniczych pod jednostkowe\u00a0zam\u00f3wienie wyposa\u017cenie obiekt\u00f3w, hal w systemy wentylacyjne sprzeda\u017c cz\u0119\u015bci zamiennych do urz\u0105dze\u0144 plazmowych i gazowych wiod\u0105cych producent\u00f3w zaopatrzenie w akcesoria spawalnicze i \u015bcierne pomoc w uzyskaniu korzystnego leasingu bankowego\u00a0na &hellip; <\/p>\n<p class=\"link-more\"><a href=\"https:\/\/www.spawstal.com.pl\/\" class=\"more-link\">Czytaj dalej<span class=\"screen-reader-text\"> O nas<\/span><\/a><\/p>\n","protected":false},"author":1,"featured_media":0,"parent":0,"menu_order":0,"comment_status":"open","ping_status":"open","template":"","meta":[],"_links":{"self":[{"href":"https:\/\/www.spawstal.com.pl\/index.php?rest_route=\/wp\/v2\/pages\/2"}],"collection":[{"href":"https:\/\/www.spawstal.com.pl\/index.php?rest_route=\/wp\/v2\/pages"}],"about":[{"href":"https:\/\/www.spawstal.com.pl\/index.php?rest_route=\/wp\/v2\/types\/page"}],"author":[{"embeddable":true,"href":"https:\/\/www.spawstal.com.pl\/index.php?rest_route=\/wp\/v2\/users\/1"}],"replies":[{"embeddable":true,"href":"https:\/\/www.spawstal.com.pl\/index.php?rest_route=%2Fwp%2Fv2%2Fcomments&post=2"}],"version-history":[{"count":2,"href":"https:\/\/www.spawstal.com.pl\/index.php?rest_route=\/wp\/v2\/pages\/2\/revisions"}],"predecessor-version":[{"id":38,"href":"https:\/\/www.spawstal.com.pl\/index.php?rest_route=\/wp\/v2\/pages\/2\/revisions\/38"}],"wp:attachment":[{"href":"https:\/\/www.spawstal.com.pl\/index.php?rest_route=%2Fwp%2Fv2%2Fmedia&parent=2"}],"curies":[{"name":"wp","href":"https:\/\/api.w.org\/{rel}","templated":true}]}}